{"id":28,"date":"2021-05-03T10:20:09","date_gmt":"2021-05-03T15:20:09","guid":{"rendered":"https:\/\/www.newsatint.com\/?page_id=28"},"modified":"2026-01-20T11:00:13","modified_gmt":"2026-01-20T16:00:13","slug":"unidad-seguridad-publica","status":"publish","type":"page","link":"https:\/\/www.newsatint.com\/en\/unidad-seguridad-publica\/","title":{"rendered":"<!--Unidad Seguridad P\u00fablica-->"},"content":{"rendered":"<h3>Public Safety Unit<\/h3>\n<p>We provide advanced technological solutions that help predict criminal behaviors that threaten public safety through the use of advanced technological solutions. We are able to generate early warnings in real-time with the use of body cams, aerostatic balloons, drones, voice forensic technology, video analysis software, machine learning and cognitive computing.<\/p>\n<p>With the use of voice forensic technology we can help detect false emergency calls, improving the productivity of emergency lines by more than 60%.<\/p>\n<p>\t\t\t\t\t\t\t\t\t\t<img width=\"1920\" height=\"1080\" src=\"https:\/\/www.newsatint.com\/wp-content\/uploads\/2021\/07\/FacialRecognition.jpg\" alt=\"\" decoding=\"async\" loading=\"lazy\" srcset=\"https:\/\/www.newsatint.com\/wp-content\/uploads\/2021\/07\/FacialRecognition.jpg 1920w, https:\/\/www.newsatint.com\/wp-content\/uploads\/2021\/07\/FacialRecognition-300x169.jpg 300w, https:\/\/www.newsatint.com\/wp-content\/uploads\/2021\/07\/FacialRecognition-1024x576.jpg 1024w, https:\/\/www.newsatint.com\/wp-content\/uploads\/2021\/07\/FacialRecognition-768x432.jpg 768w, https:\/\/www.newsatint.com\/wp-content\/uploads\/2021\/07\/FacialRecognition-1536x864.jpg 1536w, https:\/\/www.newsatint.com\/wp-content\/uploads\/2021\/07\/FacialRecognition-16x9.jpg 16w\" sizes=\"auto, (max-width: 1920px) 100vw, 1920px\" \/>\t\t\t\t\t\t\t\t\t\t\t<\/p>\n<h4>Public Safety Solutions.<\/h4>\n<ul>\n<li>Optimization of emergency lines with the use of forensic voice recognition solutions (Phonexia).<\/li>\n<li>Prediction of criminal behavior with computerized video-analysis systems and artificial intelligence algorithms (Viisight).<\/li>\n<li>Face recognition systems for long distance, in crowd, in motion, with partial face coverage, low light detection (Corsight).<\/li>\n<li>Body Cam.<\/li>\n<li>Encrypted communication networks.<\/li>\n<li>Long Range Acoustic Device (LRAD).<\/li>\n<\/ul>\n<h2>ALLIES<\/h2>\n<p>\t\t\t\t\t\t\tPrevious<br \/>\n\t\t\t\t\t\t\tNext<\/p>\n<h2>CONTACT US<\/h2>\n<p>Info@newsatint.com<\/p>\n<p>Phone: (601) 7456579<\/p>\n<p>\t\t\t\t\t\t\t\t\t\t<img width=\"512\" height=\"512\" src=\"https:\/\/www.newsatint.com\/wp-content\/uploads\/2022\/02\/ISO-9001.png\" alt=\"\" decoding=\"async\" loading=\"lazy\" srcset=\"https:\/\/www.newsatint.com\/wp-content\/uploads\/2022\/02\/ISO-9001.png 512w, https:\/\/www.newsatint.com\/wp-content\/uploads\/2022\/02\/ISO-9001-300x300.png 300w, https:\/\/www.newsatint.com\/wp-content\/uploads\/2022\/02\/ISO-9001-150x150.png 150w, https:\/\/www.newsatint.com\/wp-content\/uploads\/2022\/02\/ISO-9001-12x12.png 12w\" sizes=\"auto, (max-width: 512px) 100vw, 512px\" \/><br \/>\n\t\t\t\t\t\t\t\t\t\t<img width=\"601\" height=\"1024\" src=\"https:\/\/www.newsatint.com\/wp-content\/uploads\/2025\/06\/GPTW-Insignia_Certificacion_COL_202501300x-8-601x1024.png\" alt=\"\" decoding=\"async\" loading=\"lazy\" srcset=\"https:\/\/www.newsatint.com\/wp-content\/uploads\/2025\/06\/GPTW-Insignia_Certificacion_COL_202501300x-8-601x1024.png 601w, https:\/\/www.newsatint.com\/wp-content\/uploads\/2025\/06\/GPTW-Insignia_Certificacion_COL_202501300x-8-176x300.png 176w, https:\/\/www.newsatint.com\/wp-content\/uploads\/2025\/06\/GPTW-Insignia_Certificacion_COL_202501300x-8-768x1308.png 768w, https:\/\/www.newsatint.com\/wp-content\/uploads\/2025\/06\/GPTW-Insignia_Certificacion_COL_202501300x-8-902x1536.png 902w, https:\/\/www.newsatint.com\/wp-content\/uploads\/2025\/06\/GPTW-Insignia_Certificacion_COL_202501300x-8-1202x2048.png 1202w, https:\/\/www.newsatint.com\/wp-content\/uploads\/2025\/06\/GPTW-Insignia_Certificacion_COL_202501300x-8-7x12.png 7w, https:\/\/www.newsatint.com\/wp-content\/uploads\/2025\/06\/GPTW-Insignia_Certificacion_COL_202501300x-8-scaled.png 1503w\" sizes=\"auto, (max-width: 601px) 100vw, 601px\" \/>\t\t\t\t\t\t\t\t\t\t\t<\/p>\n<h2>LOCATION<\/h2>\n<p>\t\t\t<iframe frameborder=\"0\" scrolling=\"no\" marginheight=\"0\" marginwidth=\"0\" src=\"https:\/\/maps.google.com\/maps?q=Bogota%20Calle%2098%C2%AA%20%23%2060-87%20Barrio%20Andes&amp;t=m&amp;z=13&amp;output=embed&amp;iwloc=near\" title=\"Bogota Calle 98\u00aa # 60-87 Barrio Andes\" aria-label=\"Bogota Calle 98\u00aa # 60-87 Barrio Andes\"><\/iframe>\t\t<\/p>\n<p>Calle 98\u00aa # 60-87 Barrio Andes<\/p>\n<p>BOGOT\u00c1 D.C.<\/p>\n<p>\u00a0COLOMBIA<\/p>","protected":false},"excerpt":{"rendered":"<p>Unidad de Seguridad Ciudadana. Brindamos soluciones\u00a0 avanzadas de tecnolog\u00eda que ayudan a predecir comportamientos delictivos que atentan contra la seguridad ciudadana. Producimos alertas tempranas en tiempo real a trav\u00e9s del uso de body cam, globos aeroestaticos, drones, tecnolog\u00eda forense de voz, tecnolog\u00edas de entendimiento de video, computaci\u00f3n cognitiva, machine learning y video anal\u00edtica hol\u00edstica. Con [&hellip;]<\/p>","protected":false},"author":1,"featured_media":0,"parent":0,"menu_order":0,"comment_status":"closed","ping_status":"closed","template":"elementor_header_footer","meta":{"footnotes":""},"class_list":["post-28","page","type-page","status-publish","hentry","entry"],"_links":{"self":[{"href":"https:\/\/www.newsatint.com\/en\/wp-json\/wp\/v2\/pages\/28","targetHints":{"allow":["GET"]}}],"collection":[{"href":"https:\/\/www.newsatint.com\/en\/wp-json\/wp\/v2\/pages"}],"about":[{"href":"https:\/\/www.newsatint.com\/en\/wp-json\/wp\/v2\/types\/page"}],"author":[{"embeddable":true,"href":"https:\/\/www.newsatint.com\/en\/wp-json\/wp\/v2\/users\/1"}],"replies":[{"embeddable":true,"href":"https:\/\/www.newsatint.com\/en\/wp-json\/wp\/v2\/comments?post=28"}],"version-history":[{"count":146,"href":"https:\/\/www.newsatint.com\/en\/wp-json\/wp\/v2\/pages\/28\/revisions"}],"predecessor-version":[{"id":2465,"href":"https:\/\/www.newsatint.com\/en\/wp-json\/wp\/v2\/pages\/28\/revisions\/2465"}],"wp:attachment":[{"href":"https:\/\/www.newsatint.com\/en\/wp-json\/wp\/v2\/media?parent=28"}],"curies":[{"name":"wp","href":"https:\/\/api.w.org\/{rel}","templated":true}]}}